{"id":75,"date":"2022-11-25T12:17:08","date_gmt":"2022-11-25T12:17:08","guid":{"rendered":"https:\/\/haenggi-leuenberger.ch\/site\/?page_id=75"},"modified":"2023-08-06T17:17:20","modified_gmt":"2023-08-06T17:17:20","slug":"unsere-angebote","status":"publish","type":"page","link":"https:\/\/haenggi-leuenberger.ch\/site\/unsere-angebote\/","title":{"rendered":"Angebote"},"content":{"rendered":"\t\t<div data-elementor-type=\"wp-page\" data-elementor-id=\"75\" class=\"elementor elementor-75\" data-elementor-post-type=\"page\">\n\t\t\t\t<div class=\"elementor-element elementor-element-c8ab34a e-flex e-con-boxed e-con e-parent\" data-id=\"c8ab34a\" data-element_type=\"container\" data-e-type=\"container\" data-settings=\"{&quot;background_background&quot;:&quot;classic&quot;}\">\n\t\t\t\t\t<div class=\"e-con-inner\">\n\t\t\t\t<div class=\"elementor-element elementor-element-6a71dff elementor-widget elementor-widget-heading\" data-id=\"6a71dff\" data-element_type=\"widget\" data-e-type=\"widget\" data-widget_type=\"heading.default\">\n\t\t\t\t<div class=\"elementor-widget-container\">\n\t\t\t\t\t<h2 class=\"elementor-heading-title elementor-size-default\">Unsere Angebote im schnellen \u00dcberblick<\/h2>\t\t\t\t<\/div>\n\t\t\t\t<\/div>\n\t\t\t\t\t<\/div>\n\t\t\t\t<\/div>\n\t\t<div class=\"elementor-element elementor-element-936eea4 e-flex e-con-boxed e-con e-parent\" data-id=\"936eea4\" data-element_type=\"container\" data-e-type=\"container\" id=\"planung\">\n\t\t\t\t\t<div class=\"e-con-inner\">\n\t\t<div class=\"elementor-element elementor-element-1313c67 e-con-full e-flex e-con e-child\" data-id=\"1313c67\" data-element_type=\"container\" data-e-type=\"container\" data-settings=\"{&quot;background_background&quot;:&quot;classic&quot;}\">\n\t\t\t\t<div class=\"elementor-element elementor-element-b103dbf elementor-widget elementor-widget-heading\" data-id=\"b103dbf\" data-element_type=\"widget\" data-e-type=\"widget\" data-widget_type=\"heading.default\">\n\t\t\t\t<div class=\"elementor-widget-container\">\n\t\t\t\t\t<h2 class=\"elementor-heading-title elementor-size-default\">Planung<\/h2>\t\t\t\t<\/div>\n\t\t\t\t<\/div>\n\t\t\t\t<div class=\"elementor-element elementor-element-c27f12d elementor-widget elementor-widget-text-editor\" data-id=\"c27f12d\" data-element_type=\"widget\" data-e-type=\"widget\" data-widget_type=\"text-editor.default\">\n\t\t\t\t<div class=\"elementor-widget-container\">\n\t\t\t\t\t\t\t\t\t<ul><li>Beratung<\/li><li>Offerte<\/li><li>Realisierung<\/li><\/ul>\t\t\t\t\t\t\t\t<\/div>\n\t\t\t\t<\/div>\n\t\t\t\t<\/div>\n\t\t<div class=\"elementor-element elementor-element-a0994d9 e-con-full elementor-hidden-mobile_extra elementor-hidden-mobile e-flex e-con e-child\" data-id=\"a0994d9\" data-element_type=\"container\" data-e-type=\"container\" data-settings=\"{&quot;background_background&quot;:&quot;classic&quot;}\">\n\t\t\t\t<div class=\"elementor-element elementor-element-ef65ae2 elementor-widget elementor-widget-image\" data-id=\"ef65ae2\" data-element_type=\"widget\" data-e-type=\"widget\" data-widget_type=\"image.default\">\n\t\t\t\t<div class=\"elementor-widget-container\">\n\t\t\t\t\t\t\t\t\t\t\t\t\t\t\t<img fetchpriority=\"high\" decoding=\"async\" width=\"800\" height=\"534\" src=\"https:\/\/haenggi-leuenberger.ch\/site\/wp-content\/uploads\/2022\/11\/planung_card-1024x683.jpg\" class=\"attachment-large size-large wp-image-136\" alt=\"Angebote - Planung\" srcset=\"https:\/\/haenggi-leuenberger.ch\/site\/wp-content\/uploads\/2022\/11\/planung_card-1024x683.jpg 1024w, https:\/\/haenggi-leuenberger.ch\/site\/wp-content\/uploads\/2022\/11\/planung_card-300x200.jpg 300w, https:\/\/haenggi-leuenberger.ch\/site\/wp-content\/uploads\/2022\/11\/planung_card-768x512.jpg 768w, https:\/\/haenggi-leuenberger.ch\/site\/wp-content\/uploads\/2022\/11\/planung_card-1536x1024.jpg 1536w, https:\/\/haenggi-leuenberger.ch\/site\/wp-content\/uploads\/2022\/11\/planung_card.jpg 1602w\" sizes=\"(max-width: 800px) 100vw, 800px\" title=\"\">\t\t\t\t\t\t\t\t\t\t\t\t\t\t\t<\/div>\n\t\t\t\t<\/div>\n\t\t\t\t<\/div>\n\t\t\t\t\t<\/div>\n\t\t\t\t<\/div>\n\t\t<div class=\"elementor-element elementor-element-d4e05f3 e-flex e-con-boxed e-con e-parent\" data-id=\"d4e05f3\" data-element_type=\"container\" data-e-type=\"container\" id=\"gartenbau\">\n\t\t\t\t\t<div class=\"e-con-inner\">\n\t\t<div class=\"elementor-element elementor-element-61db17b e-con-full elementor-hidden-mobile_extra elementor-hidden-mobile e-flex e-con e-child\" data-id=\"61db17b\" data-element_type=\"container\" data-e-type=\"container\" data-settings=\"{&quot;background_background&quot;:&quot;classic&quot;}\">\n\t\t\t\t<div class=\"elementor-element elementor-element-b2560bc elementor-widget elementor-widget-image\" data-id=\"b2560bc\" data-element_type=\"widget\" data-e-type=\"widget\" data-widget_type=\"image.default\">\n\t\t\t\t<div class=\"elementor-widget-container\">\n\t\t\t\t\t\t\t\t\t\t\t\t\t\t\t<img decoding=\"async\" width=\"800\" height=\"600\" src=\"https:\/\/haenggi-leuenberger.ch\/site\/wp-content\/uploads\/2022\/11\/gartenbau_card-1024x768.jpg\" class=\"attachment-large size-large wp-image-134\" alt=\"Angebote - Gartenbau\" srcset=\"https:\/\/haenggi-leuenberger.ch\/site\/wp-content\/uploads\/2022\/11\/gartenbau_card-1024x768.jpg 1024w, https:\/\/haenggi-leuenberger.ch\/site\/wp-content\/uploads\/2022\/11\/gartenbau_card-300x225.jpg 300w, https:\/\/haenggi-leuenberger.ch\/site\/wp-content\/uploads\/2022\/11\/gartenbau_card-768x576.jpg 768w, https:\/\/haenggi-leuenberger.ch\/site\/wp-content\/uploads\/2022\/11\/gartenbau_card.jpg 1512w\" sizes=\"(max-width: 800px) 100vw, 800px\" title=\"\">\t\t\t\t\t\t\t\t\t\t\t\t\t\t\t<\/div>\n\t\t\t\t<\/div>\n\t\t\t\t<\/div>\n\t\t<div class=\"elementor-element elementor-element-b27bfa2 e-con-full e-flex e-con e-child\" data-id=\"b27bfa2\" data-element_type=\"container\" data-e-type=\"container\" data-settings=\"{&quot;background_background&quot;:&quot;classic&quot;}\">\n\t\t\t\t<div class=\"elementor-element elementor-element-fb50abe elementor-widget elementor-widget-heading\" data-id=\"fb50abe\" data-element_type=\"widget\" data-e-type=\"widget\" data-widget_type=\"heading.default\">\n\t\t\t\t<div class=\"elementor-widget-container\">\n\t\t\t\t\t<h2 class=\"elementor-heading-title elementor-size-default\">Gartenbau<\/h2>\t\t\t\t<\/div>\n\t\t\t\t<\/div>\n\t\t\t\t<div class=\"elementor-element elementor-element-2dcb950 elementor-widget elementor-widget-text-editor\" data-id=\"2dcb950\" data-element_type=\"widget\" data-e-type=\"widget\" data-widget_type=\"text-editor.default\">\n\t\t\t\t<div class=\"elementor-widget-container\">\n\t\t\t\t\t\t\t\t\t<ul><li>Naturg\u00e4rten<\/li><li>Wege<\/li><li>Pl\u00e4tze<\/li><li>Treppen<\/li><li>Mauern<\/li><li>Pergolen<\/li><li>Hochbeete<\/li><li>Gem\u00fcseg\u00e4rten<\/li><li>Sichtschutz<\/li><\/ul>\t\t\t\t\t\t\t\t<\/div>\n\t\t\t\t<\/div>\n\t\t\t\t<\/div>\n\t\t\t\t\t<\/div>\n\t\t\t\t<\/div>\n\t\t<div class=\"elementor-element elementor-element-656439d e-flex e-con-boxed e-con e-parent\" data-id=\"656439d\" data-element_type=\"container\" data-e-type=\"container\" id=\"landschaftsbau\">\n\t\t\t\t\t<div class=\"e-con-inner\">\n\t\t<div class=\"elementor-element elementor-element-ea200bf e-con-full e-flex e-con e-child\" data-id=\"ea200bf\" data-element_type=\"container\" data-e-type=\"container\" data-settings=\"{&quot;background_background&quot;:&quot;classic&quot;}\">\n\t\t\t\t<div class=\"elementor-element elementor-element-93d4ac9 elementor-widget elementor-widget-heading\" data-id=\"93d4ac9\" data-element_type=\"widget\" data-e-type=\"widget\" data-widget_type=\"heading.default\">\n\t\t\t\t<div class=\"elementor-widget-container\">\n\t\t\t\t\t<h2 class=\"elementor-heading-title elementor-size-default\">Landschaftsbau<\/h2>\t\t\t\t<\/div>\n\t\t\t\t<\/div>\n\t\t\t\t<div class=\"elementor-element elementor-element-afea445 elementor-widget elementor-widget-text-editor\" data-id=\"afea445\" data-element_type=\"widget\" data-e-type=\"widget\" data-widget_type=\"text-editor.default\">\n\t\t\t\t<div class=\"elementor-widget-container\">\n\t\t\t\t\t\t\t\t\t<ul><li>Renaturierungen<\/li><li>Wege<\/li><li>Treppen<\/li><li>Trockenmauern<\/li><\/ul>\t\t\t\t\t\t\t\t<\/div>\n\t\t\t\t<\/div>\n\t\t\t\t<\/div>\n\t\t<div class=\"elementor-element elementor-element-70d8b59 e-con-full elementor-hidden-mobile_extra elementor-hidden-mobile e-flex e-con e-child\" data-id=\"70d8b59\" data-element_type=\"container\" data-e-type=\"container\" data-settings=\"{&quot;background_background&quot;:&quot;classic&quot;}\">\n\t\t\t\t<div class=\"elementor-element elementor-element-6f4fc0f elementor-widget elementor-widget-image\" data-id=\"6f4fc0f\" data-element_type=\"widget\" data-e-type=\"widget\" data-widget_type=\"image.default\">\n\t\t\t\t<div class=\"elementor-widget-container\">\n\t\t\t\t\t\t\t\t\t\t\t\t\t\t\t<img decoding=\"async\" width=\"800\" height=\"544\" src=\"https:\/\/haenggi-leuenberger.ch\/site\/wp-content\/uploads\/2022\/11\/landschaftsbau_card-1024x696.jpg\" class=\"attachment-large size-large wp-image-135\" alt=\"Beispiel Landschaftsbau\" srcset=\"https:\/\/haenggi-leuenberger.ch\/site\/wp-content\/uploads\/2022\/11\/landschaftsbau_card-1024x696.jpg 1024w, https:\/\/haenggi-leuenberger.ch\/site\/wp-content\/uploads\/2022\/11\/landschaftsbau_card-300x204.jpg 300w, https:\/\/haenggi-leuenberger.ch\/site\/wp-content\/uploads\/2022\/11\/landschaftsbau_card-768x522.jpg 768w, https:\/\/haenggi-leuenberger.ch\/site\/wp-content\/uploads\/2022\/11\/landschaftsbau_card-1536x1045.jpg 1536w, https:\/\/haenggi-leuenberger.ch\/site\/wp-content\/uploads\/2022\/11\/landschaftsbau_card.jpg 1547w\" sizes=\"(max-width: 800px) 100vw, 800px\" title=\"\">\t\t\t\t\t\t\t\t\t\t\t\t\t\t\t<\/div>\n\t\t\t\t<\/div>\n\t\t\t\t<\/div>\n\t\t\t\t\t<\/div>\n\t\t\t\t<\/div>\n\t\t<div class=\"elementor-element elementor-element-718f1f5 e-flex e-con-boxed e-con e-parent\" data-id=\"718f1f5\" data-element_type=\"container\" data-e-type=\"container\" id=\"unterhalt\">\n\t\t\t\t\t<div class=\"e-con-inner\">\n\t\t<div class=\"elementor-element elementor-element-5026b0d e-con-full elementor-hidden-mobile_extra elementor-hidden-mobile e-flex e-con e-child\" data-id=\"5026b0d\" data-element_type=\"container\" data-e-type=\"container\" data-settings=\"{&quot;background_background&quot;:&quot;classic&quot;}\">\n\t\t\t\t<div class=\"elementor-element elementor-element-31f642d elementor-widget elementor-widget-image\" data-id=\"31f642d\" data-element_type=\"widget\" data-e-type=\"widget\" data-widget_type=\"image.default\">\n\t\t\t\t<div class=\"elementor-widget-container\">\n\t\t\t\t\t\t\t\t\t\t\t\t\t\t\t<img loading=\"lazy\" decoding=\"async\" width=\"800\" height=\"513\" src=\"https:\/\/haenggi-leuenberger.ch\/site\/wp-content\/uploads\/2022\/11\/unterhalt_pflege_card-1024x657.jpg\" class=\"attachment-large size-large wp-image-138\" alt=\"Beispiel Unterhalt und Pflege\" srcset=\"https:\/\/haenggi-leuenberger.ch\/site\/wp-content\/uploads\/2022\/11\/unterhalt_pflege_card-1024x657.jpg 1024w, https:\/\/haenggi-leuenberger.ch\/site\/wp-content\/uploads\/2022\/11\/unterhalt_pflege_card-300x192.jpg 300w, https:\/\/haenggi-leuenberger.ch\/site\/wp-content\/uploads\/2022\/11\/unterhalt_pflege_card-768x493.jpg 768w, https:\/\/haenggi-leuenberger.ch\/site\/wp-content\/uploads\/2022\/11\/unterhalt_pflege_card.jpg 1512w\" sizes=\"(max-width: 800px) 100vw, 800px\" title=\"\">\t\t\t\t\t\t\t\t\t\t\t\t\t\t\t<\/div>\n\t\t\t\t<\/div>\n\t\t\t\t<\/div>\n\t\t<div class=\"elementor-element elementor-element-8e4a8b9 e-con-full e-flex e-con e-child\" data-id=\"8e4a8b9\" data-element_type=\"container\" data-e-type=\"container\" data-settings=\"{&quot;background_background&quot;:&quot;classic&quot;}\">\n\t\t\t\t<div class=\"elementor-element elementor-element-ba4a7a5 elementor-widget elementor-widget-heading\" data-id=\"ba4a7a5\" data-element_type=\"widget\" data-e-type=\"widget\" data-widget_type=\"heading.default\">\n\t\t\t\t<div class=\"elementor-widget-container\">\n\t\t\t\t\t<h2 class=\"elementor-heading-title elementor-size-default\">Pflege und Unterhalt<\/h2>\t\t\t\t<\/div>\n\t\t\t\t<\/div>\n\t\t\t\t<div class=\"elementor-element elementor-element-ef528fa elementor-widget elementor-widget-text-editor\" data-id=\"ef528fa\" data-element_type=\"widget\" data-e-type=\"widget\" data-widget_type=\"text-editor.default\">\n\t\t\t\t<div class=\"elementor-widget-container\">\n\t\t\t\t\t\t\t\t\t<ul><li>B\u00e4ume<\/li><li>Wiesen<\/li><li>Rasen<\/li><li>Rabatten<\/li><li>Wildhecken<\/li><li>Binden \/ Pf\u00e4hlen<\/li><li>F\u00e4llen<\/li><\/ul>\t\t\t\t\t\t\t\t<\/div>\n\t\t\t\t<\/div>\n\t\t\t\t<\/div>\n\t\t\t\t\t<\/div>\n\t\t\t\t<\/div>\n\t\t<div class=\"elementor-element elementor-element-72fe19d e-flex e-con-boxed e-con e-parent\" data-id=\"72fe19d\" data-element_type=\"container\" data-e-type=\"container\" id=\"schnittarbeit\">\n\t\t\t\t\t<div class=\"e-con-inner\">\n\t\t<div class=\"elementor-element elementor-element-85e6057 e-con-full e-flex e-con e-child\" data-id=\"85e6057\" data-element_type=\"container\" data-e-type=\"container\" data-settings=\"{&quot;background_background&quot;:&quot;classic&quot;}\">\n\t\t\t\t<div class=\"elementor-element elementor-element-7c15b77 elementor-widget elementor-widget-heading\" data-id=\"7c15b77\" data-element_type=\"widget\" data-e-type=\"widget\" data-widget_type=\"heading.default\">\n\t\t\t\t<div class=\"elementor-widget-container\">\n\t\t\t\t\t<h2 class=\"elementor-heading-title elementor-size-default\">Schnittarbeit<\/h2>\t\t\t\t<\/div>\n\t\t\t\t<\/div>\n\t\t\t\t<div class=\"elementor-element elementor-element-327f67c elementor-widget elementor-widget-text-editor\" data-id=\"327f67c\" data-element_type=\"widget\" data-e-type=\"widget\" data-widget_type=\"text-editor.default\">\n\t\t\t\t<div class=\"elementor-widget-container\">\n\t\t\t\t\t\t\t\t\t<ul><li>B\u00e4ume<\/li><li>Obstb\u00e4ume<\/li><li>Str\u00e4ucher<\/li><li>Hecken<\/li><li>Hebeb\u00fchne Arbeiten (eidg. anerkannte Ausbildung)<\/li><\/ul>\t\t\t\t\t\t\t\t<\/div>\n\t\t\t\t<\/div>\n\t\t\t\t<\/div>\n\t\t<div class=\"elementor-element elementor-element-48588c9 e-con-full elementor-hidden-mobile_extra elementor-hidden-mobile e-flex e-con e-child\" data-id=\"48588c9\" data-element_type=\"container\" data-e-type=\"container\" data-settings=\"{&quot;background_background&quot;:&quot;classic&quot;}\">\n\t\t\t\t<div class=\"elementor-element elementor-element-064371f elementor-widget elementor-widget-image\" data-id=\"064371f\" data-element_type=\"widget\" data-e-type=\"widget\" data-widget_type=\"image.default\">\n\t\t\t\t<div class=\"elementor-widget-container\">\n\t\t\t\t\t\t\t\t\t\t\t\t\t\t\t<img loading=\"lazy\" decoding=\"async\" width=\"800\" height=\"534\" src=\"https:\/\/haenggi-leuenberger.ch\/site\/wp-content\/uploads\/2022\/11\/schnittarbeit_card-1024x683.jpg\" class=\"attachment-large size-large wp-image-137\" alt=\"Beispiel Schnittarbeit\" srcset=\"https:\/\/haenggi-leuenberger.ch\/site\/wp-content\/uploads\/2022\/11\/schnittarbeit_card-1024x683.jpg 1024w, https:\/\/haenggi-leuenberger.ch\/site\/wp-content\/uploads\/2022\/11\/schnittarbeit_card-300x200.jpg 300w, https:\/\/haenggi-leuenberger.ch\/site\/wp-content\/uploads\/2022\/11\/schnittarbeit_card-768x512.jpg 768w, https:\/\/haenggi-leuenberger.ch\/site\/wp-content\/uploads\/2022\/11\/schnittarbeit_card-1536x1024.jpg 1536w, https:\/\/haenggi-leuenberger.ch\/site\/wp-content\/uploads\/2022\/11\/schnittarbeit_card.jpg 1602w\" sizes=\"(max-width: 800px) 100vw, 800px\" title=\"\">\t\t\t\t\t\t\t\t\t\t\t\t\t\t\t<\/div>\n\t\t\t\t<\/div>\n\t\t\t\t<\/div>\n\t\t\t\t\t<\/div>\n\t\t\t\t<\/div>\n\t\t<div class=\"elementor-element elementor-element-59f37fd e-flex e-con-boxed e-con e-parent\" data-id=\"59f37fd\" data-element_type=\"container\" data-e-type=\"container\" id=\"bepflanzung\">\n\t\t\t\t\t<div class=\"e-con-inner\">\n\t\t<div class=\"elementor-element elementor-element-3b62b41 e-con-full elementor-hidden-mobile_extra elementor-hidden-mobile e-flex e-con e-child\" data-id=\"3b62b41\" data-element_type=\"container\" data-e-type=\"container\" data-settings=\"{&quot;background_background&quot;:&quot;classic&quot;}\">\n\t\t\t\t<div class=\"elementor-element elementor-element-449e8ca elementor-widget elementor-widget-image\" data-id=\"449e8ca\" data-element_type=\"widget\" data-e-type=\"widget\" data-widget_type=\"image.default\">\n\t\t\t\t<div class=\"elementor-widget-container\">\n\t\t\t\t\t\t\t\t\t\t\t\t\t\t\t<img loading=\"lazy\" decoding=\"async\" width=\"800\" height=\"512\" src=\"https:\/\/haenggi-leuenberger.ch\/site\/wp-content\/uploads\/2022\/11\/bepflanzung_card-1024x655.jpg\" class=\"attachment-large size-large wp-image-133\" alt=\"Beispiel Bepflanzung\" srcset=\"https:\/\/haenggi-leuenberger.ch\/site\/wp-content\/uploads\/2022\/11\/bepflanzung_card-1024x655.jpg 1024w, https:\/\/haenggi-leuenberger.ch\/site\/wp-content\/uploads\/2022\/11\/bepflanzung_card-300x192.jpg 300w, https:\/\/haenggi-leuenberger.ch\/site\/wp-content\/uploads\/2022\/11\/bepflanzung_card-768x491.jpg 768w, https:\/\/haenggi-leuenberger.ch\/site\/wp-content\/uploads\/2022\/11\/bepflanzung_card.jpg 1134w\" sizes=\"(max-width: 800px) 100vw, 800px\" title=\"\">\t\t\t\t\t\t\t\t\t\t\t\t\t\t\t<\/div>\n\t\t\t\t<\/div>\n\t\t\t\t<\/div>\n\t\t<div class=\"elementor-element elementor-element-c63bee1 e-con-full e-flex e-con e-child\" data-id=\"c63bee1\" data-element_type=\"container\" data-e-type=\"container\" data-settings=\"{&quot;background_background&quot;:&quot;classic&quot;}\">\n\t\t\t\t<div class=\"elementor-element elementor-element-4fefa7e elementor-widget elementor-widget-heading\" data-id=\"4fefa7e\" data-element_type=\"widget\" data-e-type=\"widget\" data-widget_type=\"heading.default\">\n\t\t\t\t<div class=\"elementor-widget-container\">\n\t\t\t\t\t<h2 class=\"elementor-heading-title elementor-size-default\">Bepflanzung<\/h2>\t\t\t\t<\/div>\n\t\t\t\t<\/div>\n\t\t\t\t<div class=\"elementor-element elementor-element-80e56b1 elementor-widget elementor-widget-text-editor\" data-id=\"80e56b1\" data-element_type=\"widget\" data-e-type=\"widget\" data-widget_type=\"text-editor.default\">\n\t\t\t\t<div class=\"elementor-widget-container\">\n\t\t\t\t\t\t\t\t\t<ul><li>B\u00e4ume<\/li><li>Str\u00e4ucher<\/li><li>Wiesensaat<\/li><li>Rasensaat<\/li><li>Wildstauden- \/ Staudenrabatten<\/li><li>Ruderalfl\u00e4chen<\/li><li>Wild- und Fromhecken<\/li><\/ul>\t\t\t\t\t\t\t\t<\/div>\n\t\t\t\t<\/div>\n\t\t\t\t<\/div>\n\t\t\t\t\t<\/div>\n\t\t\t\t<\/div>\n\t\t<div class=\"elementor-element elementor-element-569bdcb e-flex e-con-boxed e-con e-parent\" data-id=\"569bdcb\" data-element_type=\"container\" data-e-type=\"container\">\n\t\t\t\t\t<div class=\"e-con-inner\">\n\t\t\t\t<div class=\"elementor-element elementor-element-6aae781 elementor-view-default elementor-widget elementor-widget-global elementor-global-1509 elementor-widget-icon\" data-id=\"6aae781\" data-element_type=\"widget\" data-e-type=\"widget\" data-widget_type=\"icon.default\">\n\t\t\t\t<div class=\"elementor-widget-container\">\n\t\t\t\t\t\t\t<div class=\"elementor-icon-wrapper\">\n\t\t\t<a class=\"elementor-icon elementor-animation-grow\" href=\"https:\/\/haenggi-leuenberger.ch\/site\/\">\n\t\t\t<i aria-hidden=\"true\" class=\"fas fa-arrow-alt-circle-left\"><\/i>\t\t\t<\/a>\n\t\t<\/div>\n\t\t\t\t\t\t<\/div>\n\t\t\t\t<\/div>\n\t\t\t\t\t<\/div>\n\t\t\t\t<\/div>\n\t\t\t\t<\/div>\n\t\t","protected":false},"excerpt":{"rendered":"<p>Unsere Angebote im schnellen \u00dcberblick Planung Beratung Offerte Realisierung Gartenbau Naturg\u00e4rten Wege Pl\u00e4tze Treppen Mauern Pergolen Hochbeete Gem\u00fcseg\u00e4rten Sichtschutz Landschaftsbau Renaturierungen Wege Treppen Trockenmauern Pflege und Unterhalt B\u00e4ume Wiesen Rasen Rabatten Wildhecken Binden \/ Pf\u00e4hlen F\u00e4llen Schnittarbeit B\u00e4ume Obstb\u00e4ume Str\u00e4ucher Hecken Hebeb\u00fchne Arbeiten (eidg. anerkannte Ausbildung) Bepflanzung B\u00e4ume Str\u00e4ucher Wiesensaat Rasensaat Wildstauden- \/ Staudenrabatten Ruderalfl\u00e4chen [&hellip;]<\/p>\n","protected":false},"author":1,"featured_media":0,"parent":0,"menu_order":0,"comment_status":"closed","ping_status":"closed","template":"elementor_header_footer","meta":{"footnotes":""},"class_list":["post-75","page","type-page","status-publish","hentry"],"_links":{"self":[{"href":"https:\/\/haenggi-leuenberger.ch\/site\/wp-json\/wp\/v2\/pages\/75","targetHints":{"allow":["GET"]}}],"collection":[{"href":"https:\/\/haenggi-leuenberger.ch\/site\/wp-json\/wp\/v2\/pages"}],"about":[{"href":"https:\/\/haenggi-leuenberger.ch\/site\/wp-json\/wp\/v2\/types\/page"}],"author":[{"embeddable":true,"href":"https:\/\/haenggi-leuenberger.ch\/site\/wp-json\/wp\/v2\/users\/1"}],"replies":[{"embeddable":true,"href":"https:\/\/haenggi-leuenberger.ch\/site\/wp-json\/wp\/v2\/comments?post=75"}],"version-history":[{"count":5,"href":"https:\/\/haenggi-leuenberger.ch\/site\/wp-json\/wp\/v2\/pages\/75\/revisions"}],"predecessor-version":[{"id":2509,"href":"https:\/\/haenggi-leuenberger.ch\/site\/wp-json\/wp\/v2\/pages\/75\/revisions\/2509"}],"wp:attachment":[{"href":"https:\/\/haenggi-leuenberger.ch\/site\/wp-json\/wp\/v2\/media?parent=75"}],"curies":[{"name":"wp","href":"https:\/\/api.w.org\/{rel}","templated":true}]}}